{"id":55394,"date":"2026-03-23T09:12:51","date_gmt":"2026-03-23T09:12:51","guid":{"rendered":"https:\/\/www.magicbazaar.co.za\/?post_type=product&#038;p=55394"},"modified":"2026-04-16T21:20:57","modified_gmt":"2026-04-16T21:20:57","slug":"pokemon-tcg-mega-evolution-ascended-heroes-elite-trainer-box","status":"publish","type":"product","link":"https:\/\/www.magicbazaar.co.za\/?product=pokemon-tcg-mega-evolution-ascended-heroes-elite-trainer-box","title":{"rendered":"Pok\u00e9mon TCG: Mega Evolution &#8211; Ascended Heroes Elite Trainer Box"},"content":{"rendered":"<p>Rise to a New Challenge! Marvel as the awesome potential of Mega Dragonite ex takes flight, leading a gathering of all-star Pok\u00e9mon to battle! Trainer\u2019s Pok\u00e9mon and Stellar Tera Pok\u00e9mon ex join returning and newly discovered Mega Evolution Pok\u00e9mon ex, including some with special artwork showing off their biggest and boldest attacks. Celebrate the stars of Scarlet &amp; Violet and the dawn of Mega Evolution with the Pok\u00e9mon TCG: Mega Evolution\u2013Ascended Heroes expansion!<\/p>\n","protected":false},"excerpt":{"rendered":"<p><strong>The Pok\u00e9mon TCG: Mega Evolution\u2013Ascended Heroes Elite Trainer Box includes:\u00a0<\/strong><\/p>\n<ul>\n<li>9 Pok\u00e9mon TCG: Mega Evolution\u2013Ascended Heroes booster packs<\/li>\n<li>1 full-art foil promo card featuring N\u2019s Zekrom<\/li>\n<li>65 card sleeves<\/li>\n<li>40 Pok\u00e9mon TCG energy cards<\/li>\n<li>A player\u2019s guide to the Mega Evolution\u2013Ascended Heroes expansion<\/li>\n<li>6 damage-counter dice<\/li>\n<li>1 competition-legal coin-flip die<\/li>\n<li>1 plastic coin<\/li>\n<li>A collector\u2019s box to hold everything, with 6 dividers to keep it organized<\/li>\n<li>A code card for Pok\u00e9mon Trading Card Game Live<\/li>\n<\/ul>\n","protected":false},"featured_media":55395,"template":"","meta":[],"product_cat":[354,353],"product_tag":[],"class_list":{"0":"post-55394","1":"product","2":"type-product","3":"status-publish","4":"has-post-thumbnail","6":"product_cat-elite-trainer-box","7":"product_cat-pokemon","8":"description-off","10":"first","11":"instock","12":"shipping-taxable","13":"purchasable","14":"product-type-simple"},"_links":{"self":[{"href":"https:\/\/www.magicbazaar.co.za\/index.php?rest_route=\/wp\/v2\/product\/55394","targetHints":{"allow":["GET"]}}],"collection":[{"href":"https:\/\/www.magicbazaar.co.za\/index.php?rest_route=\/wp\/v2\/product"}],"about":[{"href":"https:\/\/www.magicbazaar.co.za\/index.php?rest_route=\/wp\/v2\/types\/product"}],"version-history":[{"count":1,"href":"https:\/\/www.magicbazaar.co.za\/index.php?rest_route=\/wp\/v2\/product\/55394\/revisions"}],"predecessor-version":[{"id":55396,"href":"https:\/\/www.magicbazaar.co.za\/index.php?rest_route=\/wp\/v2\/product\/55394\/revisions\/55396"}],"wp:featuredmedia":[{"embeddable":true,"href":"https:\/\/www.magicbazaar.co.za\/index.php?rest_route=\/wp\/v2\/media\/55395"}],"wp:attachment":[{"href":"https:\/\/www.magicbazaar.co.za\/index.php?rest_route=%2Fwp%2Fv2%2Fmedia&parent=55394"}],"wp:term":[{"taxonomy":"product_cat","embeddable":true,"href":"https:\/\/www.magicbazaar.co.za\/index.php?rest_route=%2Fwp%2Fv2%2Fproduct_cat&post=55394"},{"taxonomy":"product_tag","embeddable":true,"href":"https:\/\/www.magicbazaar.co.za\/index.php?rest_route=%2Fwp%2Fv2%2Fproduct_tag&post=55394"}],"curies":[{"name":"wp","href":"https:\/\/api.w.org\/{rel}","templated":true}]}}