{"id":55332,"date":"2026-03-19T12:58:24","date_gmt":"2026-03-19T12:58:24","guid":{"rendered":"https:\/\/www.magicbazaar.co.za\/?post_type=product&#038;p=55332"},"modified":"2026-03-19T12:58:24","modified_gmt":"2026-03-19T12:58:24","slug":"pokemon-tcg-pokemon-day-2026-collection","status":"publish","type":"product","link":"https:\/\/www.magicbazaar.co.za\/?product=pokemon-tcg-pokemon-day-2026-collection","title":{"rendered":"Pokemon TCG: Pokemon Day 2026 Collection"},"content":{"rendered":"<p>Celebrate 30 Years of Pok\u00e9mon!<\/p>\n<p>Every year on February 27, Pok\u00e9mon fans around the world celebrate Pok\u00e9mon Day to commemorate the release of the very first Pok\u00e9mon video games in Japan.<\/p>\n<p>Pok\u00e9mon Day 2026 is an extra-special occasion\u2013it&#8217;s Pok\u00e9mon&#8217;s 30th anniversary, and you&#8217;re invited to the party! Celebrate with a specially stamped foil promo card featuring Pikachu and a metallic coin featuring the 30th anniversary logo, plus three booster packs from different Pok\u00e9mon TCG expansions.<\/p>\n","protected":false},"excerpt":{"rendered":"<p>The Pok\u00e9mon TCG: Pok\u00e9mon Day 2026 Collection includes:<\/p>\n<ul>\n<li>1 foil promo card featuring Pikachu with a Pok\u00e9mon Day stamp<\/li>\n<li>1 Pok\u00e9mon coin<\/li>\n<li>3 Pok\u00e9mon TCG booster packs<\/li>\n<\/ul>\n","protected":false},"featured_media":55333,"template":"","meta":[],"product_cat":[353],"product_tag":[],"class_list":{"0":"post-55332","1":"product","2":"type-product","3":"status-publish","4":"has-post-thumbnail","6":"product_cat-pokemon","7":"description-off","9":"first","10":"instock","11":"shipping-taxable","12":"purchasable","13":"product-type-simple"},"_links":{"self":[{"href":"https:\/\/www.magicbazaar.co.za\/index.php?rest_route=\/wp\/v2\/product\/55332","targetHints":{"allow":["GET"]}}],"collection":[{"href":"https:\/\/www.magicbazaar.co.za\/index.php?rest_route=\/wp\/v2\/product"}],"about":[{"href":"https:\/\/www.magicbazaar.co.za\/index.php?rest_route=\/wp\/v2\/types\/product"}],"version-history":[{"count":1,"href":"https:\/\/www.magicbazaar.co.za\/index.php?rest_route=\/wp\/v2\/product\/55332\/revisions"}],"predecessor-version":[{"id":55334,"href":"https:\/\/www.magicbazaar.co.za\/index.php?rest_route=\/wp\/v2\/product\/55332\/revisions\/55334"}],"wp:featuredmedia":[{"embeddable":true,"href":"https:\/\/www.magicbazaar.co.za\/index.php?rest_route=\/wp\/v2\/media\/55333"}],"wp:attachment":[{"href":"https:\/\/www.magicbazaar.co.za\/index.php?rest_route=%2Fwp%2Fv2%2Fmedia&parent=55332"}],"wp:term":[{"taxonomy":"product_cat","embeddable":true,"href":"https:\/\/www.magicbazaar.co.za\/index.php?rest_route=%2Fwp%2Fv2%2Fproduct_cat&post=55332"},{"taxonomy":"product_tag","embeddable":true,"href":"https:\/\/www.magicbazaar.co.za\/index.php?rest_route=%2Fwp%2Fv2%2Fproduct_tag&post=55332"}],"curies":[{"name":"wp","href":"https:\/\/api.w.org\/{rel}","templated":true}]}}